{"id":2981,"date":"2022-08-19T14:10:33","date_gmt":"2022-08-19T12:10:33","guid":{"rendered":"https:\/\/wattmatters.poush-dev.be\/mentions-legales\/"},"modified":"2025-08-11T14:41:20","modified_gmt":"2025-08-11T12:41:20","slug":"impressum","status":"publish","type":"page","link":"https:\/\/wattmatters.be\/nl\/impressum\/","title":{"rendered":"Impressum"},"content":{"rendered":"<p>[et_pb_section fb_built=&#8221;1&#8243; _builder_version=&#8221;4.16&#8243; da_disable_devices=&#8221;off|off|off&#8221; global_colors_info=&#8221;{}&#8221; da_is_popup=&#8221;off&#8221; da_exit_intent=&#8221;off&#8221; da_has_close=&#8221;on&#8221; da_alt_close=&#8221;off&#8221; da_dark_close=&#8221;off&#8221; da_not_modal=&#8221;on&#8221; da_is_singular=&#8221;off&#8221; da_with_loader=&#8221;off&#8221; da_has_shadow=&#8221;on&#8221;][et_pb_row _builder_version=&#8221;4.16&#8243; background_size=&#8221;initial&#8221; background_position=&#8221;top_left&#8221; background_repeat=&#8221;repeat&#8221; global_colors_info=&#8221;{}&#8221;][et_pb_column type=&#8221;4_4&#8243; _builder_version=&#8221;4.16&#8243; custom_padding=&#8221;|||&#8221; global_colors_info=&#8221;{}&#8221; custom_padding__hover=&#8221;|||&#8221;][et_pb_text _builder_version=&#8221;4.27.4&#8243; background_size=&#8221;initial&#8221; background_position=&#8221;top_left&#8221; background_repeat=&#8221;repeat&#8221; hover_enabled=&#8221;0&#8243; global_colors_info=&#8221;{}&#8221; sticky_enabled=&#8221;0&#8243;]<\/p>\n<h1>Impressum<\/h1>\n<h2 data-start=\"0\" data-end=\"18\">Wie zijn wij?<\/h2>\n<p data-start=\"20\" data-end=\"38\"><strong data-start=\"20\" data-end=\"36\">Watt Matters<\/strong><\/p>\n<p data-start=\"40\" data-end=\"85\">De 360\u00b0-partner voor uw energie-uitdagingen<\/p>\n<h3 data-start=\"92\" data-end=\"104\">Missie<\/h3>\n<p data-start=\"106\" data-end=\"233\">Watt Matters installeert, financiert en beheert energie-renovatieprojecten op maat van mede-eigendommen en openbare gebouwen.<\/p>\n<h3 data-start=\"240\" data-end=\"253\">Contact<\/h3>\n<p data-start=\"255\" data-end=\"307\"><strong data-start=\"255\" data-end=\"271\">Watt Matters<\/strong><br data-start=\"271\" data-end=\"274\" \/>Rue de Londres 17, 1050 Brussel<\/p>\n<p data-start=\"309\" data-end=\"363\">02 583 71 81<br data-start=\"321\" data-end=\"324\" \/><a class=\"cursor-pointer\" rel=\"noopener\" data-start=\"324\" data-end=\"343\">info@wattmatters.be<\/a><br data-start=\"343\" data-end=\"346\" \/>BE 0641.919.571<\/p>\n<p data-start=\"370\" data-end=\"803\" data-is-last-node=\"\" data-is-only-node=\"\">Watt Matters verbindt zich ertoe de geldende wetgeving in Belgi\u00eb en Europa na te leven en zet alles in het werk om elk ongeoorloofd of onwettig gebruik van uw persoonsgegevens te voorkomen. Hiervoor maken wij gebruik van passende procedures en systemen, zodat alleen bevoegde personen toegang hebben tot uw gegevens. Bovendien herinneren wij u eraan dat deze personen, in het kader van hun functie, gehouden zijn tot geheimhouding.<\/p>\n<p>[\/et_pb_text][\/et_pb_column][\/et_pb_row][\/et_pb_section]<\/p>\n","protected":false},"excerpt":{"rendered":"<p>Impressum Wie zijn wij? Watt Matters De 360\u00b0-partner voor uw energie-uitdagingen Missie Watt Matters installeert, financiert en beheert energie-renovatieprojecten op maat van mede-eigendommen en openbare gebouwen. Contact Watt MattersRue de Londres 17, 1050 Brussel 02 583 71 81info@wattmatters.beBE 0641.919.571 Watt Matters verbindt zich ertoe de geldende wetgeving in Belgi\u00eb en Europa na te leven en zet alles in het werk om elk ongeoorloofd of onwettig gebruik van uw persoonsgegevens te voorkomen. Hiervoor maken wij gebruik van passende procedures en systemen, zodat alleen bevoegde personen toegang hebben tot uw gegevens. Bovendien herinneren wij u eraan dat deze personen, in het kader van hun functie, gehouden zijn tot geheimhouding.<\/p>\n","protected":false},"author":1,"featured_media":0,"parent":0,"menu_order":1000,"comment_status":"closed","ping_status":"closed","template":"","meta":{"_et_pb_use_builder":"on","_et_pb_old_content":"<h1><span style=\"font-weight: 400;\">Mentions l\u00e9gales<\/span><\/h1><h2><span style=\"font-weight: 400;\">\u00a0<\/span><\/h2><h2><span style=\"font-weight: 400;\">Qui sommes-nous ?<\/span><\/h2><p><span style=\"font-weight: 400;\">\u00a0<\/span><\/p><p><span style=\"font-weight: 400;\">Watt Matters<\/span><\/p><p><span style=\"font-weight: 400;\">Le partenaire 360\u00b0 de vos d\u00e9fis \u00e9nerg\u00e9tiques<\/span><\/p><p><span style=\"font-weight: 400;\">\u00a0<\/span><\/p><p><b>Mission<\/b><\/p><p><span style=\"font-weight: 400;\">Watt Matters installent, financent et exploitent des projets de r\u00e9novation \u00e9nerg\u00e9tique adapt\u00e9s aux copropri\u00e9t\u00e9s et aux b\u00e2timents publics.<\/span><\/p><p><span style=\"font-weight: 400;\">\u00a0<\/span><\/p><p><span style=\"font-weight: 400;\">\u00a0<\/span><\/p><p><b>Contact<\/b><\/p><p><span style=\"font-weight: 400;\">Watt Matters<\/span><\/p><p><span style=\"font-weight: 400;\">Rue de Londres 17, 1050 Bruxelles<\/span><\/p><p><span style=\"font-weight: 400;\">\u00a0<\/span><\/p><p><span style=\"font-weight: 400;\">02 583 71 81<\/span><\/p><p><span style=\"font-weight: 400;\">info@wattmatters.be<\/span><\/p><p><span style=\"font-weight: 400;\">BE 0641.919.571<\/span><\/p><p><span style=\"font-weight: 400;\">\u00a0<\/span><\/p><p><span style=\"font-weight: 400;\">Watt Matters s\u2019engage \u00e0 respecter la l\u00e9gislation en vigueur en Belgique et en Europe et met tout en \u0153uvre afin d\u2019emp\u00eacher tout usage non autoris\u00e9 ou illicite de vos donn\u00e9es personnelles. \u00c0 cette fin, nous utilisons des proc\u00e9dures et des syst\u00e8mes appropri\u00e9s pour que seules les personnes qui y sont autoris\u00e9es puissent acc\u00e9der \u00e0 vos informations. En outre, nous vous rappelons que ces personnes sont tenues \u00e0 un devoir de confidentialit\u00e9 dans le cadre de leur fonction.<\/span><\/p>","_et_gb_content_width":"","footnotes":""},"class_list":["post-2981","page","type-page","status-publish","hentry"],"yoast_head":"<!-- This site is optimized with the Yoast SEO plugin v26.3 - https:\/\/yoast.com\/wordpress\/plugins\/seo\/ -->\n<title>Impressum | Watt Matters<\/title>\n<meta name=\"robots\" content=\"index, follow, max-snippet:-1, max-image-preview:large, max-video-preview:-1\" \/>\n<link rel=\"canonical\" href=\"https:\/\/wattmatters.be\/nl\/impressum\/\" \/>\n<meta property=\"og:locale\" content=\"nl_NL\" \/>\n<meta property=\"og:type\" content=\"article\" \/>\n<meta property=\"og:title\" content=\"Impressum | Watt Matters\" \/>\n<meta property=\"og:description\" content=\"Impressum Wie zijn wij? Watt Matters De 360\u00b0-partner voor uw energie-uitdagingen Missie Watt Matters installeert, financiert en beheert energie-renovatieprojecten op maat van mede-eigendommen en openbare gebouwen. Contact Watt MattersRue de Londres 17, 1050 Brussel 02 583 71 81info@wattmatters.beBE 0641.919.571 Watt Matters verbindt zich ertoe de geldende wetgeving in Belgi\u00eb en Europa na te leven en zet alles in het werk om elk ongeoorloofd of onwettig gebruik van uw persoonsgegevens te voorkomen. Hiervoor maken wij gebruik van passende procedures en systemen, zodat alleen bevoegde personen toegang hebben tot uw gegevens. Bovendien herinneren wij u eraan dat deze personen, in het kader van hun functie, gehouden zijn tot geheimhouding.\" \/>\n<meta property=\"og:url\" content=\"https:\/\/wattmatters.be\/nl\/impressum\/\" \/>\n<meta property=\"og:site_name\" content=\"Watt Matters\" \/>\n<meta property=\"article:modified_time\" content=\"2025-08-11T12:41:20+00:00\" \/>\n<meta name=\"twitter:card\" content=\"summary_large_image\" \/>\n<meta name=\"twitter:label1\" content=\"Geschatte leestijd\" \/>\n\t<meta name=\"twitter:data1\" content=\"1 minuut\" \/>\n<script type=\"application\/ld+json\" class=\"yoast-schema-graph\">{\"@context\":\"https:\/\/schema.org\",\"@graph\":[{\"@type\":\"WebPage\",\"@id\":\"https:\/\/wattmatters.be\/nl\/impressum\/\",\"url\":\"https:\/\/wattmatters.be\/nl\/impressum\/\",\"name\":\"Impressum | Watt Matters\",\"isPartOf\":{\"@id\":\"https:\/\/wattmatters.be\/nl\/#website\"},\"datePublished\":\"2022-08-19T12:10:33+00:00\",\"dateModified\":\"2025-08-11T12:41:20+00:00\",\"breadcrumb\":{\"@id\":\"https:\/\/wattmatters.be\/nl\/impressum\/#breadcrumb\"},\"inLanguage\":\"nl-NL\",\"potentialAction\":[{\"@type\":\"ReadAction\",\"target\":[\"https:\/\/wattmatters.be\/nl\/impressum\/\"]}]},{\"@type\":\"BreadcrumbList\",\"@id\":\"https:\/\/wattmatters.be\/nl\/impressum\/#breadcrumb\",\"itemListElement\":[{\"@type\":\"ListItem\",\"position\":1,\"name\":\"Accueil\",\"item\":\"https:\/\/wattmatters.be\/nl\/\"},{\"@type\":\"ListItem\",\"position\":2,\"name\":\"Impressum\"}]},{\"@type\":\"WebSite\",\"@id\":\"https:\/\/wattmatters.be\/nl\/#website\",\"url\":\"https:\/\/wattmatters.be\/nl\/\",\"name\":\"Watt Matters\",\"description\":\"\",\"potentialAction\":[{\"@type\":\"SearchAction\",\"target\":{\"@type\":\"EntryPoint\",\"urlTemplate\":\"https:\/\/wattmatters.be\/nl\/?s={search_term_string}\"},\"query-input\":{\"@type\":\"PropertyValueSpecification\",\"valueRequired\":true,\"valueName\":\"search_term_string\"}}],\"inLanguage\":\"nl-NL\"}]}<\/script>\n<!-- \/ Yoast SEO plugin. -->","yoast_head_json":{"title":"Impressum | Watt Matters","robots":{"index":"index","follow":"follow","max-snippet":"max-snippet:-1","max-image-preview":"max-image-preview:large","max-video-preview":"max-video-preview:-1"},"canonical":"https:\/\/wattmatters.be\/nl\/impressum\/","og_locale":"nl_NL","og_type":"article","og_title":"Impressum | Watt Matters","og_description":"Impressum Wie zijn wij? Watt Matters De 360\u00b0-partner voor uw energie-uitdagingen Missie Watt Matters installeert, financiert en beheert energie-renovatieprojecten op maat van mede-eigendommen en openbare gebouwen. Contact Watt MattersRue de Londres 17, 1050 Brussel 02 583 71 81info@wattmatters.beBE 0641.919.571 Watt Matters verbindt zich ertoe de geldende wetgeving in Belgi\u00eb en Europa na te leven en zet alles in het werk om elk ongeoorloofd of onwettig gebruik van uw persoonsgegevens te voorkomen. Hiervoor maken wij gebruik van passende procedures en systemen, zodat alleen bevoegde personen toegang hebben tot uw gegevens. Bovendien herinneren wij u eraan dat deze personen, in het kader van hun functie, gehouden zijn tot geheimhouding.","og_url":"https:\/\/wattmatters.be\/nl\/impressum\/","og_site_name":"Watt Matters","article_modified_time":"2025-08-11T12:41:20+00:00","twitter_card":"summary_large_image","twitter_misc":{"Geschatte leestijd":"1 minuut"},"schema":{"@context":"https:\/\/schema.org","@graph":[{"@type":"WebPage","@id":"https:\/\/wattmatters.be\/nl\/impressum\/","url":"https:\/\/wattmatters.be\/nl\/impressum\/","name":"Impressum | Watt Matters","isPartOf":{"@id":"https:\/\/wattmatters.be\/nl\/#website"},"datePublished":"2022-08-19T12:10:33+00:00","dateModified":"2025-08-11T12:41:20+00:00","breadcrumb":{"@id":"https:\/\/wattmatters.be\/nl\/impressum\/#breadcrumb"},"inLanguage":"nl-NL","potentialAction":[{"@type":"ReadAction","target":["https:\/\/wattmatters.be\/nl\/impressum\/"]}]},{"@type":"BreadcrumbList","@id":"https:\/\/wattmatters.be\/nl\/impressum\/#breadcrumb","itemListElement":[{"@type":"ListItem","position":1,"name":"Accueil","item":"https:\/\/wattmatters.be\/nl\/"},{"@type":"ListItem","position":2,"name":"Impressum"}]},{"@type":"WebSite","@id":"https:\/\/wattmatters.be\/nl\/#website","url":"https:\/\/wattmatters.be\/nl\/","name":"Watt Matters","description":"","potentialAction":[{"@type":"SearchAction","target":{"@type":"EntryPoint","urlTemplate":"https:\/\/wattmatters.be\/nl\/?s={search_term_string}"},"query-input":{"@type":"PropertyValueSpecification","valueRequired":true,"valueName":"search_term_string"}}],"inLanguage":"nl-NL"}]}},"_links":{"self":[{"href":"https:\/\/wattmatters.be\/nl\/wp-json\/wp\/v2\/pages\/2981","targetHints":{"allow":["GET"]}}],"collection":[{"href":"https:\/\/wattmatters.be\/nl\/wp-json\/wp\/v2\/pages"}],"about":[{"href":"https:\/\/wattmatters.be\/nl\/wp-json\/wp\/v2\/types\/page"}],"author":[{"embeddable":true,"href":"https:\/\/wattmatters.be\/nl\/wp-json\/wp\/v2\/users\/1"}],"replies":[{"embeddable":true,"href":"https:\/\/wattmatters.be\/nl\/wp-json\/wp\/v2\/comments?post=2981"}],"version-history":[{"count":3,"href":"https:\/\/wattmatters.be\/nl\/wp-json\/wp\/v2\/pages\/2981\/revisions"}],"predecessor-version":[{"id":2986,"href":"https:\/\/wattmatters.be\/nl\/wp-json\/wp\/v2\/pages\/2981\/revisions\/2986"}],"wp:attachment":[{"href":"https:\/\/wattmatters.be\/nl\/wp-json\/wp\/v2\/media?parent=2981"}],"curies":[{"name":"wp","href":"https:\/\/api.w.org\/{rel}","templated":true}]}}