{"id":2945,"date":"2023-03-17T11:15:41","date_gmt":"2023-03-17T10:15:41","guid":{"rendered":"https:\/\/wattmatters.poush-dev.be\/actualites\/"},"modified":"2025-08-11T15:23:48","modified_gmt":"2025-08-11T13:23:48","slug":"nieuws","status":"publish","type":"page","link":"https:\/\/wattmatters.be\/nl\/nieuws\/","title":{"rendered":"Nieuws"},"content":{"rendered":"<p>[et_pb_section fb_built=&#8221;1&#8243; _builder_version=&#8221;4.27.4&#8243; _module_preset=&#8221;ca94eb31-5c2d-49e3-8b20-b392cfde0fc0&#8243; da_disable_devices=&#8221;off|off|off&#8221; global_colors_info=&#8221;{}&#8221; da_is_popup=&#8221;off&#8221; da_exit_intent=&#8221;off&#8221; da_has_close=&#8221;on&#8221; da_alt_close=&#8221;off&#8221; da_dark_close=&#8221;off&#8221; da_not_modal=&#8221;on&#8221; da_is_singular=&#8221;off&#8221; da_with_loader=&#8221;off&#8221; da_has_shadow=&#8221;on&#8221;][et_pb_row _builder_version=&#8221;4.27.4&#8243; _module_preset=&#8221;default&#8221; global_colors_info=&#8221;{}&#8221;][et_pb_column type=&#8221;4_4&#8243; _builder_version=&#8221;4.27.4&#8243; _module_preset=&#8221;default&#8221; global_colors_info=&#8221;{}&#8221;][et_pb_text _builder_version=&#8221;4.27.4&#8243; _module_preset=&#8221;default&#8221; global_colors_info=&#8221;{}&#8221;]<\/p>\n<h1>Nieuws<\/h1>\n<p>[\/et_pb_text][\/et_pb_column][\/et_pb_row][et_pb_row _builder_version=&#8221;4.27.4&#8243; _module_preset=&#8221;default&#8221; saved_tabs=&#8221;all&#8221; global_colors_info=&#8221;{}&#8221;][et_pb_column type=&#8221;4_4&#8243; _builder_version=&#8221;4.27.4&#8243; _module_preset=&#8221;default&#8221; animation_style=&#8221;fade&#8221; animation_duration=&#8221;300ms&#8221; custom_css_main_element=&#8221;display: flex;||gap: 15px;||flex-wrap: wrap;&#8221; global_colors_info=&#8221;{}&#8221;][et_pb_button button_url=&#8221;@ET-DC@eyJkeW5hbWljIjp0cnVlLCJjb250ZW50IjoicG9zdF9saW5rX3VybF9wYWdlIiwic2V0dGluZ3MiOnsicG9zdF9pZCI6IjM4MCJ9fQ==@&#8221; button_text=&#8221;Nieuws&#8221; _builder_version=&#8221;4.27.4&#8243; _dynamic_attributes=&#8221;button_url&#8221; _module_preset=&#8221;25dd112d-cdb2-4c0f-91cf-35f339d9c4db&#8221; hover_enabled=&#8221;0&#8243; global_colors_info=&#8221;{%22gcid-primary-color%22:%91%22button_bg_color%22%93,%22gcid-secondary-color%22:%91%22button_bg_color__hover%22,%22button_bg_color__hover%22,%22button_bg_color__hover%22%93,%22gcid-3e86d2d8-7f34-48eb-bdd1-ca8984d513cb%22:%91%22button_bg_color%22%93}&#8221; sticky_enabled=&#8221;0&#8243;][\/et_pb_button][et_pb_button button_url=&#8221;\/nl\/categorie\/expertise\/&#8221; button_text=&#8221;Expertise&#8221; _builder_version=&#8221;4.27.4&#8243; _module_preset=&#8221;25dd112d-cdb2-4c0f-91cf-35f339d9c4db&#8221; hover_enabled=&#8221;0&#8243; global_colors_info=&#8221;{%22gcid-primary-color%22:%91%22button_bg_color%22%93,%22gcid-secondary-color%22:%91%22button_bg_color__hover%22,%22button_bg_color__hover%22,%22button_bg_color__hover%22%93,%22gcid-3e86d2d8-7f34-48eb-bdd1-ca8984d513cb%22:%91%22button_bg_color%22%93}&#8221; sticky_enabled=&#8221;0&#8243;][\/et_pb_button][et_pb_button button_url=&#8221;\/nl\/categorie\/pers\/&#8221; button_text=&#8221;Pers&#8221; _builder_version=&#8221;4.27.4&#8243; _module_preset=&#8221;25dd112d-cdb2-4c0f-91cf-35f339d9c4db&#8221; hover_enabled=&#8221;0&#8243; global_colors_info=&#8221;{%22gcid-primary-color%22:%91%22button_bg_color%22%93,%22gcid-secondary-color%22:%91%22button_bg_color__hover%22,%22button_bg_color__hover%22,%22button_bg_color__hover%22%93,%22gcid-3e86d2d8-7f34-48eb-bdd1-ca8984d513cb%22:%91%22button_bg_color%22%93}&#8221; sticky_enabled=&#8221;0&#8243;][\/et_pb_button][et_pb_button button_url=&#8221;\/nl\/categorie\/praktijkgeval\/&#8221; button_text=&#8221;Praktijkgeval&#8221; _builder_version=&#8221;4.27.4&#8243; _module_preset=&#8221;25dd112d-cdb2-4c0f-91cf-35f339d9c4db&#8221; hover_enabled=&#8221;0&#8243; global_colors_info=&#8221;{%22gcid-primary-color%22:%91%22button_bg_color%22%93,%22gcid-secondary-color%22:%91%22button_bg_color__hover%22,%22button_bg_color__hover%22,%22button_bg_color__hover%22%93,%22gcid-3e86d2d8-7f34-48eb-bdd1-ca8984d513cb%22:%91%22button_bg_color%22%93}&#8221; sticky_enabled=&#8221;0&#8243;][\/et_pb_button][et_pb_code _builder_version=&#8221;4.27.4&#8243; _module_preset=&#8221;default&#8221; global_colors_info=&#8221;{}&#8221;]<script><!-- [et_pb_line_break_holder] -->document.addEventListener('DOMContentLoaded', function () {<!-- [et_pb_line_break_holder] -->  \/\/ On r\u00e9cup\u00e8re le chemin courant sans slash final<!-- [et_pb_line_break_holder] -->  const currentPath = window.location.pathname.replace(\/\\\/$\/, '');<!-- [et_pb_line_break_holder] --><!-- [et_pb_line_break_holder] -->  \/\/ On s\u00e9lectionne tous les liens des boutons<!-- [et_pb_line_break_holder] -->  const links = document.querySelectorAll('.et_pb_button_module_wrapper a');<!-- [et_pb_line_break_holder] --><!-- [et_pb_line_break_holder] -->  links.forEach(function (link) {<!-- [et_pb_line_break_holder] -->    \/\/ On retire la classe active de tous les boutons<!-- [et_pb_line_break_holder] -->    link.classList.remove('active-button');<!-- [et_pb_line_break_holder] --><!-- [et_pb_line_break_holder] -->    \/\/ On r\u00e9cup\u00e8re le pathname du lien (en absolu), sans slash final<!-- [et_pb_line_break_holder] -->    const linkPath = new URL(link.getAttribute('href') || '', window.location.origin)<!-- [et_pb_line_break_holder] -->      .pathname.replace(\/\\\/$\/, '');<!-- [et_pb_line_break_holder] --><!-- [et_pb_line_break_holder] -->    \/\/ Si le chemin du lien correspond au chemin courant, on ajoute la classe active<!-- [et_pb_line_break_holder] -->    if (linkPath === currentPath) {<!-- [et_pb_line_break_holder] -->      link.classList.add('active-button');<!-- [et_pb_line_break_holder] -->    }<!-- [et_pb_line_break_holder] -->  });<!-- [et_pb_line_break_holder] -->});<!-- [et_pb_line_break_holder] --><\/script><!-- [et_pb_line_break_holder] -->[\/et_pb_code][\/et_pb_column][\/et_pb_row][et_pb_row _builder_version=&#8221;4.27.4&#8243; _module_preset=&#8221;default&#8221; custom_padding=&#8221;0px||||false|false&#8221; global_colors_info=&#8221;{}&#8221;][et_pb_column type=&#8221;4_4&#8243; _builder_version=&#8221;4.19.4&#8243; _module_preset=&#8221;default&#8221; global_colors_info=&#8221;{}&#8221;][brbl_post_grid button_text=&#8221;Lees meer&#8221; _builder_version=&#8221;4.27.4&#8243; _module_preset=&#8221;360daed8-19b8-4334-83c2-415a5be3cff9&#8243; global_colors_info=&#8221;{%22gcid-primary-color%22:%91%22pagination_active_bg_color%22%93,%22gcid-heading-color%22:%91%22date_icon_color%22%93}&#8221;][\/brbl_post_grid][\/et_pb_column][\/et_pb_row][\/et_pb_section]<\/p>\n","protected":false},"excerpt":{"rendered":"<p>Nieuws<div class=\"et_pb_with_border et_pb_module brbl_post_grid brbl_post_grid_0\">\n\t\t\t\t\n\t\t\t\t\n\t\t\t\t\n\t\t\t\t\n\t\t\t\t\n\t\t\t\t\n\t\t\t\t<div class=\"et_pb_module_inner\">\n\t\t\t\t\t<div class=\"brbl-module brbl-post-grid equal-height-on brbl-ajax-pagi \" data-options=\"{&quot;layout&quot;:&quot;layout2&quot;,&quot;blog_order&quot;:0,&quot;pagination_type&quot;:&quot;numbers&quot;,&quot;loadmore_type&quot;:&quot;scroll&quot;}\" data-pagination=\"{&quot;include_categories&quot;:&quot;&quot;,&quot;img_masking_shape&quot;:&quot;none&quot;,&quot;post_count&quot;:&quot;15&quot;,&quot;post_type&quot;:&quot;post&quot;,&quot;order_by&quot;:&quot;date&quot;,&quot;order&quot;:&quot;DESC&quot;,&quot;layout&quot;:&quot;layout2&quot;,&quot;show_categories&quot;:&quot;off&quot;,&quot;show_thumb&quot;:&quot;on&quot;,&quot;show_author&quot;:&quot;off&quot;,&quot;show_date&quot;:&quot;on&quot;,&quot;show_title&quot;:&quot;on&quot;,&quot;show_excerpt&quot;:&quot;on&quot;,&quot;thumb_size&quot;:&quot;full&quot;,&quot;date_format&quot;:&quot;j F Y&quot;,&quot;content_length&quot;:&quot;150&quot;,&quot;offset_number&quot;:&quot;0&quot;,&quot;show_btn&quot;:&quot;on&quot;,&quot;exclude_posts&quot;:&quot;&quot;,&quot;include_posts&quot;:&quot;&quot;,&quot;show_first_category&quot;:&quot;off&quot;,&quot;thumb_width&quot;:&quot;100&quot;,&quot;thumb_height&quot;:&quot;100&quot;,&quot;button_icon&quot;:&quot;5&quot;,&quot;button_text&quot;:&quot;Lees meer&quot;,&quot;overlay_icon&quot;:&quot;&quot;,&quot;title_tag&quot;:&quot;h4&quot;}\">\r\n                <div id=\"brbl-blog-wrapper\" class=\"brbl-blog brbl-blog-scroll-0\"><div class=\"brbl-blog-item  brbl-blog-item-layout2-0\">\r\n        <article class=\"brbl-post-card brbl-post-card-2\">\r\n\t\t\t<figure class=\"brbl-post-thumb\">\r\n\t\t\t\t<a href=\"https:\/\/wattmatters.be\/nl\/energiedeling-zonnepanelen\/\">\r\n\t\t\t\t\t<div class=\"brbl-overlay\" data-icon=\"\"><\/div>\r\n\t\t\t\t\t<img width=\"1000\" height=\"1000\" src=\"https:\/\/wattmatters.be\/wp-content\/uploads\/2025\/05\/WM-01.webp\" class=\"attachment-full size-full wp-post-image\" alt=\"\" decoding=\"async\" loading=\"lazy\" srcset=\"https:\/\/wattmatters.be\/wp-content\/uploads\/2025\/05\/WM-01.webp 1000w, https:\/\/wattmatters.be\/wp-content\/uploads\/2025\/05\/WM-01-980x980.webp 980w, https:\/\/wattmatters.be\/wp-content\/uploads\/2025\/05\/WM-01-480x480.webp 480w\" sizes=\"(min-width: 0px) and (max-width: 480px) 480px, (min-width: 481px) and (max-width: 980px) 980px, (min-width: 981px) 1000px, 100vw\" \/>\r\n\t\t\t\t\t\r\n\t\t\t\t<\/a>\r\n\t\t\t\t\r\n\t\t\t<\/figure>\r\n            <div class=\"brbl-blog-content\">\r\n                <h4 class=\"brbl-post-title\">\r\n                <a href=\"https:\/\/wattmatters.be\/nl\/energiedeling-zonnepanelen\/\">Energiedeling met zonnepanelen: een initiatief in de kijker<\/a>\r\n            <\/h4>\r\n                <div class=\"brbl-blog-meta\">\r\n                    \r\n                    <div class=\"brbl-post-date\">\r\n            <svg enable-background=\"new 0 0 443.294 443.294\" viewBox=\"0 0 443.29 443.29\" xmlns=\"http:\/\/www.w3.org\/2000\/svg\"><path d=\"m221.65 0c-122.21 0-221.65 99.433-221.65 221.65s99.433 221.65 221.65 221.65 221.65-99.433 221.65-221.65-99.433-221.65-221.65-221.65zm0 415.59c-106.94 0-193.94-87-193.94-193.94s87-193.94 193.94-193.94 193.94 87 193.94 193.94-87 193.94-193.94 193.94z\"\/><path d=\"m235.5 83.118h-27.706v144.26l87.176 87.176 19.589-19.589-79.059-79.059z\"\/>\r\n    <\/svg>\r\n            21 januari 2025\r\n        <\/div>\r\n                <\/div>\r\n                <div class=\"brbl-post-excerpt\">\u00c9conomies, \u00e9cologie, simplicit\u00e9\u2026 D\u00e9couvrez deux projets de partage d\u2019\u00e9nergie avec panneaux photovolta\u00efques dans des copropri\u00e9t\u00e9s r\u00e9alis\u00e9s par Watt...<\/div>\r\n                <div class=\"brbl-post-btn-wrap brbl-flex-base\">\r\n                <a href=\"https:\/\/wattmatters.be\/nl\/energiedeling-zonnepanelen\/\" target=\"_self\" class=\"et_pb_button brbl-post-btn\" data-icon=\"5\">\r\n                    Lees meer\r\n                <\/a>\r\n            <\/div>\r\n            <\/div>\r\n        <\/article>\r\n    <\/div><div class=\"brbl-blog-item  brbl-blog-item-layout2-0\">\r\n        <article class=\"brbl-post-card brbl-post-card-2\">\r\n\t\t\t<figure class=\"brbl-post-thumb\">\r\n\t\t\t\t<a href=\"https:\/\/wattmatters.be\/nl\/presentation-equipe-sales\/\">\r\n\t\t\t\t\t<div class=\"brbl-overlay\" data-icon=\"\"><\/div>\r\n\t\t\t\t\t<img width=\"1200\" height=\"842\" src=\"https:\/\/wattmatters.be\/wp-content\/uploads\/2023\/03\/sales.webp\" class=\"attachment-full size-full wp-post-image\" alt=\"\" decoding=\"async\" loading=\"lazy\" srcset=\"https:\/\/wattmatters.be\/wp-content\/uploads\/2023\/03\/sales.webp 1200w, https:\/\/wattmatters.be\/wp-content\/uploads\/2023\/03\/sales-980x688.webp 980w, https:\/\/wattmatters.be\/wp-content\/uploads\/2023\/03\/sales-480x337.webp 480w\" sizes=\"(min-width: 0px) and (max-width: 480px) 480px, (min-width: 481px) and (max-width: 980px) 980px, (min-width: 981px) 1200px, 100vw\" \/>\r\n\t\t\t\t\t\r\n\t\t\t\t<\/a>\r\n\t\t\t\t\r\n\t\t\t<\/figure>\r\n            <div class=\"brbl-blog-content\">\r\n                <h4 class=\"brbl-post-title\">\r\n                <a href=\"https:\/\/wattmatters.be\/nl\/presentation-equipe-sales\/\">Maak kennis met het Sales-team van Watt Matters<\/a>\r\n            <\/h4>\r\n                <div class=\"brbl-blog-meta\">\r\n                    \r\n                    <div class=\"brbl-post-date\">\r\n            <svg enable-background=\"new 0 0 443.294 443.294\" viewBox=\"0 0 443.29 443.29\" xmlns=\"http:\/\/www.w3.org\/2000\/svg\"><path d=\"m221.65 0c-122.21 0-221.65 99.433-221.65 221.65s99.433 221.65 221.65 221.65 221.65-99.433 221.65-221.65-99.433-221.65-221.65-221.65zm0 415.59c-106.94 0-193.94-87-193.94-193.94s87-193.94 193.94-193.94 193.94 87 193.94 193.94-87 193.94-193.94 193.94z\"\/><path d=\"m235.5 83.118h-27.706v144.26l87.176 87.176 19.589-19.589-79.059-79.059z\"\/>\r\n    <\/svg>\r\n            21 januari 2025\r\n        <\/div>\r\n                <\/div>\r\n                <div class=\"brbl-post-excerpt\">Envie d\u2019en savoir plus sur le travail de notre \u00e9quipe Sales ? Nous vous expliquons leur r\u00f4le dans cet article !<\/div>\r\n                <div class=\"brbl-post-btn-wrap brbl-flex-base\">\r\n                <a href=\"https:\/\/wattmatters.be\/nl\/presentation-equipe-sales\/\" target=\"_self\" class=\"et_pb_button brbl-post-btn\" data-icon=\"5\">\r\n                    Lees meer\r\n                <\/a>\r\n            <\/div>\r\n            <\/div>\r\n        <\/article>\r\n    <\/div><div class=\"brbl-blog-item  brbl-blog-item-layout2-0\">\r\n        <article class=\"brbl-post-card brbl-post-card-2\">\r\n\t\t\t<figure class=\"brbl-post-thumb\">\r\n\t\t\t\t<a href=\"https:\/\/wattmatters.be\/nl\/fin-du-regime-des-certificats-verts-pour-le-cogeneration-des-2025\/\">\r\n\t\t\t\t\t<div class=\"brbl-overlay\" data-icon=\"\"><\/div>\r\n\t\t\t\t\t<img width=\"1200\" height=\"799\" src=\"https:\/\/wattmatters.be\/wp-content\/uploads\/2023\/03\/installation-bornes.webp\" class=\"attachment-full size-full wp-post-image\" alt=\"\" decoding=\"async\" loading=\"lazy\" srcset=\"https:\/\/wattmatters.be\/wp-content\/uploads\/2023\/03\/installation-bornes.webp 1200w, https:\/\/wattmatters.be\/wp-content\/uploads\/2023\/03\/installation-bornes-980x653.webp 980w, https:\/\/wattmatters.be\/wp-content\/uploads\/2023\/03\/installation-bornes-480x320.webp 480w\" sizes=\"(min-width: 0px) and (max-width: 480px) 480px, (min-width: 481px) and (max-width: 980px) 980px, (min-width: 981px) 1200px, 100vw\" \/>\r\n\t\t\t\t\t\r\n\t\t\t\t<\/a>\r\n\t\t\t\t\r\n\t\t\t<\/figure>\r\n            <div class=\"brbl-blog-content\">\r\n                <h4 class=\"brbl-post-title\">\r\n                <a href=\"https:\/\/wattmatters.be\/nl\/fin-du-regime-des-certificats-verts-pour-le-cogeneration-des-2025\/\">Einde van het regime van groenestroomcertificaten voor warmtekrachtkoppeling vanaf 2025<\/a>\r\n            <\/h4>\r\n                <div class=\"brbl-blog-meta\">\r\n                    \r\n                    <div class=\"brbl-post-date\">\r\n            <svg enable-background=\"new 0 0 443.294 443.294\" viewBox=\"0 0 443.29 443.29\" xmlns=\"http:\/\/www.w3.org\/2000\/svg\"><path d=\"m221.65 0c-122.21 0-221.65 99.433-221.65 221.65s99.433 221.65 221.65 221.65 221.65-99.433 221.65-221.65-99.433-221.65-221.65-221.65zm0 415.59c-106.94 0-193.94-87-193.94-193.94s87-193.94 193.94-193.94 193.94 87 193.94 193.94-87 193.94-193.94 193.94z\"\/><path d=\"m235.5 83.118h-27.706v144.26l87.176 87.176 19.589-19.589-79.059-79.059z\"\/>\r\n    <\/svg>\r\n            20 december 2024\r\n        <\/div>\r\n                <\/div>\r\n                <div class=\"brbl-post-excerpt\">Le gouvernement de la r\u00e9gion bruxelloise a r\u00e9cemment d\u00e9cid\u00e9 d\u2019arr\u00eater au 1\u1d49\u02b3 janvier 2025 l&#8217;\u00e9ligibilit\u00e9 des syst\u00e8mes de cog\u00e9n\u00e9ration au...<\/div>\r\n                <div class=\"brbl-post-btn-wrap brbl-flex-base\">\r\n                <a href=\"https:\/\/wattmatters.be\/nl\/fin-du-regime-des-certificats-verts-pour-le-cogeneration-des-2025\/\" target=\"_self\" class=\"et_pb_button brbl-post-btn\" data-icon=\"5\">\r\n                    Lees meer\r\n                <\/a>\r\n            <\/div>\r\n            <\/div>\r\n        <\/article>\r\n    <\/div><div class=\"brbl-blog-item  brbl-blog-item-layout2-0\">\r\n        <article class=\"brbl-post-card brbl-post-card-2\">\r\n\t\t\t<figure class=\"brbl-post-thumb\">\r\n\t\t\t\t<a href=\"https:\/\/wattmatters.be\/nl\/solution-technique-les-bornes-de-recharge\/\">\r\n\t\t\t\t\t<div class=\"brbl-overlay\" data-icon=\"\"><\/div>\r\n\t\t\t\t\t<img width=\"1800\" height=\"1009\" src=\"https:\/\/wattmatters.be\/wp-content\/uploads\/2025\/05\/WM-03.webp\" class=\"attachment-full size-full wp-post-image\" alt=\"\" decoding=\"async\" loading=\"lazy\" srcset=\"https:\/\/wattmatters.be\/wp-content\/uploads\/2025\/05\/WM-03.webp 1800w, https:\/\/wattmatters.be\/wp-content\/uploads\/2025\/05\/WM-03-1280x718.webp 1280w, https:\/\/wattmatters.be\/wp-content\/uploads\/2025\/05\/WM-03-980x549.webp 980w, https:\/\/wattmatters.be\/wp-content\/uploads\/2025\/05\/WM-03-480x269.webp 480w\" sizes=\"(min-width: 0px) and (max-width: 480px) 480px, (min-width: 481px) and (max-width: 980px) 980px, (min-width: 981px) and (max-width: 1280px) 1280px, (min-width: 1281px) 1800px, 100vw\" \/>\r\n\t\t\t\t\t\r\n\t\t\t\t<\/a>\r\n\t\t\t\t\r\n\t\t\t<\/figure>\r\n            <div class=\"brbl-blog-content\">\r\n                <h4 class=\"brbl-post-title\">\r\n                <a href=\"https:\/\/wattmatters.be\/nl\/solution-technique-les-bornes-de-recharge\/\">Solution technique : les bornes de recharge<\/a>\r\n            <\/h4>\r\n                <div class=\"brbl-blog-meta\">\r\n                    \r\n                    <div class=\"brbl-post-date\">\r\n            <svg enable-background=\"new 0 0 443.294 443.294\" viewBox=\"0 0 443.29 443.29\" xmlns=\"http:\/\/www.w3.org\/2000\/svg\"><path d=\"m221.65 0c-122.21 0-221.65 99.433-221.65 221.65s99.433 221.65 221.65 221.65 221.65-99.433 221.65-221.65-99.433-221.65-221.65-221.65zm0 415.59c-106.94 0-193.94-87-193.94-193.94s87-193.94 193.94-193.94 193.94 87 193.94 193.94-87 193.94-193.94 193.94z\"\/><path d=\"m235.5 83.118h-27.706v144.26l87.176 87.176 19.589-19.589-79.059-79.059z\"\/>\r\n    <\/svg>\r\n            19 december 2024\r\n        <\/div>\r\n                <\/div>\r\n                <div class=\"brbl-post-excerpt\">Watt Matters\u00a0apporte des\u00a0solutions techniques et financi\u00e8res\u00a0aux copropri\u00e9t\u00e9s \u00e0 Bruxelles qui souhaitent installer des bornes de...<\/div>\r\n                <div class=\"brbl-post-btn-wrap brbl-flex-base\">\r\n                <a href=\"https:\/\/wattmatters.be\/nl\/solution-technique-les-bornes-de-recharge\/\" target=\"_self\" class=\"et_pb_button brbl-post-btn\" data-icon=\"5\">\r\n                    Lees meer\r\n                <\/a>\r\n            <\/div>\r\n            <\/div>\r\n        <\/article>\r\n    <\/div><div class=\"brbl-blog-item  brbl-blog-item-layout2-0\">\r\n        <article class=\"brbl-post-card brbl-post-card-2\">\r\n\t\t\t<figure class=\"brbl-post-thumb\">\r\n\t\t\t\t<a href=\"https:\/\/wattmatters.be\/nl\/renovation-toiture\/\">\r\n\t\t\t\t\t<div class=\"brbl-overlay\" data-icon=\"\"><\/div>\r\n\t\t\t\t\t<img width=\"1536\" height=\"2048\" src=\"https:\/\/wattmatters.be\/wp-content\/uploads\/2023\/03\/renovation-toitures.webp\" class=\"attachment-full size-full wp-post-image\" alt=\"\" decoding=\"async\" loading=\"lazy\" srcset=\"https:\/\/wattmatters.be\/wp-content\/uploads\/2023\/03\/renovation-toitures.webp 1536w, https:\/\/wattmatters.be\/wp-content\/uploads\/2023\/03\/renovation-toitures-1280x1707.webp 1280w, https:\/\/wattmatters.be\/wp-content\/uploads\/2023\/03\/renovation-toitures-980x1307.webp 980w, https:\/\/wattmatters.be\/wp-content\/uploads\/2023\/03\/renovation-toitures-480x640.webp 480w\" sizes=\"(min-width: 0px) and (max-width: 480px) 480px, (min-width: 481px) and (max-width: 980px) 980px, (min-width: 981px) and (max-width: 1280px) 1280px, (min-width: 1281px) 1536px, 100vw\" \/>\r\n\t\t\t\t\t\r\n\t\t\t\t<\/a>\r\n\t\t\t\t\r\n\t\t\t<\/figure>\r\n            <div class=\"brbl-blog-content\">\r\n                <h4 class=\"brbl-post-title\">\r\n                <a href=\"https:\/\/wattmatters.be\/nl\/renovation-toiture\/\">Dakrenovatie voor VME\u2019s: het complete aanbod van Watt Matters<\/a>\r\n            <\/h4>\r\n                <div class=\"brbl-blog-meta\">\r\n                    \r\n                    <div class=\"brbl-post-date\">\r\n            <svg enable-background=\"new 0 0 443.294 443.294\" viewBox=\"0 0 443.29 443.29\" xmlns=\"http:\/\/www.w3.org\/2000\/svg\"><path d=\"m221.65 0c-122.21 0-221.65 99.433-221.65 221.65s99.433 221.65 221.65 221.65 221.65-99.433 221.65-221.65-99.433-221.65-221.65-221.65zm0 415.59c-106.94 0-193.94-87-193.94-193.94s87-193.94 193.94-193.94 193.94 87 193.94 193.94-87 193.94-193.94 193.94z\"\/><path d=\"m235.5 83.118h-27.706v144.26l87.176 87.176 19.589-19.589-79.059-79.059z\"\/>\r\n    <\/svg>\r\n            13 december 2024\r\n        <\/div>\r\n                <\/div>\r\n                <div class=\"brbl-post-excerpt\">Confiez la r\u00e9novation de la toiture de votre copropri\u00e9t\u00e9 \u00e0 Bruxelles \u00e0 Watt Matters. D\u00e9couvrez notre offre compl\u00e8te pour votre toit.<\/div>\r\n                <div class=\"brbl-post-btn-wrap brbl-flex-base\">\r\n                <a href=\"https:\/\/wattmatters.be\/nl\/renovation-toiture\/\" target=\"_self\" class=\"et_pb_button brbl-post-btn\" data-icon=\"5\">\r\n                    Lees meer\r\n                <\/a>\r\n            <\/div>\r\n            <\/div>\r\n        <\/article>\r\n    <\/div><\/div><nav class=\"brbl-pagination\" role=\"navigation\" aria-label=\"Pagination\"><\/nav>\r\n            <\/div>\n\t\t\t\t<\/div>\n\t\t\t<\/div><\/p>\n","protected":false},"author":1,"featured_media":0,"parent":0,"menu_order":60,"comment_status":"closed","ping_status":"closed","template":"","meta":{"_et_pb_use_builder":"on","_et_pb_old_content":"","_et_gb_content_width":"","footnotes":""},"class_list":["post-2945","page","type-page","status-publish","hentry"],"yoast_head":"<!-- This site is optimized with the Yoast SEO plugin v26.3 - https:\/\/yoast.com\/wordpress\/plugins\/seo\/ -->\n<title>Nieuws | Watt Matters<\/title>\n<meta name=\"robots\" content=\"index, follow, max-snippet:-1, max-image-preview:large, max-video-preview:-1\" \/>\n<link rel=\"canonical\" href=\"https:\/\/wattmatters.be\/nl\/nieuws\/\" \/>\n<meta property=\"og:locale\" content=\"nl_NL\" \/>\n<meta property=\"og:type\" content=\"article\" \/>\n<meta property=\"og:title\" content=\"Nieuws | Watt Matters\" \/>\n<meta property=\"og:description\" content=\"Nieuws\" \/>\n<meta property=\"og:url\" content=\"https:\/\/wattmatters.be\/nl\/nieuws\/\" \/>\n<meta property=\"og:site_name\" content=\"Watt Matters\" \/>\n<meta property=\"article:modified_time\" content=\"2025-08-11T13:23:48+00:00\" \/>\n<meta name=\"twitter:card\" content=\"summary_large_image\" \/>\n<meta name=\"twitter:label1\" content=\"Geschatte leestijd\" \/>\n\t<meta name=\"twitter:data1\" content=\"1 minuut\" \/>\n<script type=\"application\/ld+json\" class=\"yoast-schema-graph\">{\"@context\":\"https:\/\/schema.org\",\"@graph\":[{\"@type\":\"WebPage\",\"@id\":\"https:\/\/wattmatters.be\/nl\/nieuws\/\",\"url\":\"https:\/\/wattmatters.be\/nl\/nieuws\/\",\"name\":\"Nieuws | Watt Matters\",\"isPartOf\":{\"@id\":\"https:\/\/wattmatters.be\/nl\/#website\"},\"datePublished\":\"2023-03-17T10:15:41+00:00\",\"dateModified\":\"2025-08-11T13:23:48+00:00\",\"breadcrumb\":{\"@id\":\"https:\/\/wattmatters.be\/nl\/nieuws\/#breadcrumb\"},\"inLanguage\":\"nl-NL\",\"potentialAction\":[{\"@type\":\"ReadAction\",\"target\":[\"https:\/\/wattmatters.be\/nl\/nieuws\/\"]}]},{\"@type\":\"BreadcrumbList\",\"@id\":\"https:\/\/wattmatters.be\/nl\/nieuws\/#breadcrumb\",\"itemListElement\":[{\"@type\":\"ListItem\",\"position\":1,\"name\":\"Accueil\",\"item\":\"https:\/\/wattmatters.be\/nl\/\"},{\"@type\":\"ListItem\",\"position\":2,\"name\":\"Nieuws\"}]},{\"@type\":\"WebSite\",\"@id\":\"https:\/\/wattmatters.be\/nl\/#website\",\"url\":\"https:\/\/wattmatters.be\/nl\/\",\"name\":\"Watt Matters\",\"description\":\"\",\"potentialAction\":[{\"@type\":\"SearchAction\",\"target\":{\"@type\":\"EntryPoint\",\"urlTemplate\":\"https:\/\/wattmatters.be\/nl\/?s={search_term_string}\"},\"query-input\":{\"@type\":\"PropertyValueSpecification\",\"valueRequired\":true,\"valueName\":\"search_term_string\"}}],\"inLanguage\":\"nl-NL\"}]}<\/script>\n<!-- \/ Yoast SEO plugin. -->","yoast_head_json":{"title":"Nieuws | Watt Matters","robots":{"index":"index","follow":"follow","max-snippet":"max-snippet:-1","max-image-preview":"max-image-preview:large","max-video-preview":"max-video-preview:-1"},"canonical":"https:\/\/wattmatters.be\/nl\/nieuws\/","og_locale":"nl_NL","og_type":"article","og_title":"Nieuws | Watt Matters","og_description":"Nieuws","og_url":"https:\/\/wattmatters.be\/nl\/nieuws\/","og_site_name":"Watt Matters","article_modified_time":"2025-08-11T13:23:48+00:00","twitter_card":"summary_large_image","twitter_misc":{"Geschatte leestijd":"1 minuut"},"schema":{"@context":"https:\/\/schema.org","@graph":[{"@type":"WebPage","@id":"https:\/\/wattmatters.be\/nl\/nieuws\/","url":"https:\/\/wattmatters.be\/nl\/nieuws\/","name":"Nieuws | Watt Matters","isPartOf":{"@id":"https:\/\/wattmatters.be\/nl\/#website"},"datePublished":"2023-03-17T10:15:41+00:00","dateModified":"2025-08-11T13:23:48+00:00","breadcrumb":{"@id":"https:\/\/wattmatters.be\/nl\/nieuws\/#breadcrumb"},"inLanguage":"nl-NL","potentialAction":[{"@type":"ReadAction","target":["https:\/\/wattmatters.be\/nl\/nieuws\/"]}]},{"@type":"BreadcrumbList","@id":"https:\/\/wattmatters.be\/nl\/nieuws\/#breadcrumb","itemListElement":[{"@type":"ListItem","position":1,"name":"Accueil","item":"https:\/\/wattmatters.be\/nl\/"},{"@type":"ListItem","position":2,"name":"Nieuws"}]},{"@type":"WebSite","@id":"https:\/\/wattmatters.be\/nl\/#website","url":"https:\/\/wattmatters.be\/nl\/","name":"Watt Matters","description":"","potentialAction":[{"@type":"SearchAction","target":{"@type":"EntryPoint","urlTemplate":"https:\/\/wattmatters.be\/nl\/?s={search_term_string}"},"query-input":{"@type":"PropertyValueSpecification","valueRequired":true,"valueName":"search_term_string"}}],"inLanguage":"nl-NL"}]}},"_links":{"self":[{"href":"https:\/\/wattmatters.be\/nl\/wp-json\/wp\/v2\/pages\/2945","targetHints":{"allow":["GET"]}}],"collection":[{"href":"https:\/\/wattmatters.be\/nl\/wp-json\/wp\/v2\/pages"}],"about":[{"href":"https:\/\/wattmatters.be\/nl\/wp-json\/wp\/v2\/types\/page"}],"author":[{"embeddable":true,"href":"https:\/\/wattmatters.be\/nl\/wp-json\/wp\/v2\/users\/1"}],"replies":[{"embeddable":true,"href":"https:\/\/wattmatters.be\/nl\/wp-json\/wp\/v2\/comments?post=2945"}],"version-history":[{"count":6,"href":"https:\/\/wattmatters.be\/nl\/wp-json\/wp\/v2\/pages\/2945\/revisions"}],"predecessor-version":[{"id":3007,"href":"https:\/\/wattmatters.be\/nl\/wp-json\/wp\/v2\/pages\/2945\/revisions\/3007"}],"wp:attachment":[{"href":"https:\/\/wattmatters.be\/nl\/wp-json\/wp\/v2\/media?parent=2945"}],"curies":[{"name":"wp","href":"https:\/\/api.w.org\/{rel}","templated":true}]}}