{"id":2918,"date":"2025-05-20T09:30:28","date_gmt":"2025-05-20T07:30:28","guid":{"rendered":"https:\/\/wattmatters.poush-dev.be\/mede-eigenaars-en-syndicus\/partage-denergie\/"},"modified":"2025-08-11T11:00:26","modified_gmt":"2025-08-11T09:00:26","slug":"energiedeling","status":"publish","type":"page","link":"https:\/\/wattmatters.be\/nl\/mede-eigenaars-en-syndicus\/energiedeling\/","title":{"rendered":"Energiedeling"},"content":{"rendered":"<p>[et_pb_section fb_built=&#8221;1&#8243; admin_label=&#8221;Hero&#8221; _builder_version=&#8221;4.27.4&#8243; _module_preset=&#8221;cdf2e729-e1cf-47d8-9bea-f5f6e4c743bd&#8221; background_image=&#8221;https:\/\/wattmatters.be\/wp-content\/uploads\/2025\/07\/Wattmatters-Partage_ernegie-Header.webp&#8221; da_disable_devices=&#8221;off|off|off&#8221; locked=&#8221;off&#8221; global_colors_info=&#8221;{}&#8221; da_is_popup=&#8221;off&#8221; da_exit_intent=&#8221;off&#8221; da_has_close=&#8221;on&#8221; da_alt_close=&#8221;off&#8221; da_dark_close=&#8221;off&#8221; da_not_modal=&#8221;on&#8221; da_is_singular=&#8221;off&#8221; da_with_loader=&#8221;off&#8221; da_has_shadow=&#8221;on&#8221;][et_pb_row make_equal=&#8221;on&#8221; _builder_version=&#8221;4.25.2&#8243; _module_preset=&#8221;default&#8221; global_colors_info=&#8221;{}&#8221;][et_pb_column type=&#8221;4_4&#8243; _builder_version=&#8221;4.18.0&#8243; _module_preset=&#8221;default&#8221; global_colors_info=&#8221;{}&#8221;][et_pb_text admin_label=&#8221;Text&#8221; _builder_version=&#8221;4.27.4&#8243; _module_preset=&#8221;5298e62e-f7ac-4dd9-b361-006fc4da68de&#8221; background_size=&#8221;initial&#8221; background_position=&#8221;top_left&#8221; background_repeat=&#8221;repeat&#8221; background_layout=&#8221;dark&#8221; hover_enabled=&#8221;0&#8243; global_colors_info=&#8221;{}&#8221; sticky_enabled=&#8221;0&#8243;]<\/p>\n<h1><b>Energiedeling: haal meer uit lokale energieproductie<\/b><\/h1>\n<p>[\/et_pb_text][et_pb_text _builder_version=&#8221;4.27.4&#8243; _module_preset=&#8221;617fdae1-abf6-4c3b-976f-a84e20573369&#8243; hover_enabled=&#8221;0&#8243; global_colors_info=&#8221;{}&#8221; sticky_enabled=&#8221;0&#8243;]<\/p>\n<p><b>Watt Matters is een pionier op het gebied van energiedeling.<\/b><\/p>\n<p>\u00a0Wij realiseren energiedelingsprojecten die het mogelijk maken om <b>lokaal opgewekte elektriciteit<\/b> (via zonnepanelen of warmtekrachtkoppeling) <b>voordelig te verdelen<\/b> onder verschillende gebruikers binnen \u00e9\u00e9n gebouw of binnen een ruimer gebied.<\/p>\n<p>[\/et_pb_text][\/et_pb_column][\/et_pb_row][\/et_pb_section][et_pb_section fb_built=&#8221;1&#8243; disabled_on=&#8221;on|on|on&#8221; admin_label=&#8221;Copro&#8221; _builder_version=&#8221;4.27.4&#8243; _module_preset=&#8221;default&#8221; da_disable_devices=&#8221;off|off|off&#8221; disabled=&#8221;on&#8221; locked=&#8221;off&#8221; global_colors_info=&#8221;{}&#8221; da_is_popup=&#8221;off&#8221; da_exit_intent=&#8221;off&#8221; da_has_close=&#8221;on&#8221; da_alt_close=&#8221;off&#8221; da_dark_close=&#8221;off&#8221; da_not_modal=&#8221;on&#8221; da_is_singular=&#8221;off&#8221; da_with_loader=&#8221;off&#8221; da_has_shadow=&#8221;on&#8221;][et_pb_row make_equal=&#8221;on&#8221; _builder_version=&#8221;4.27.4&#8243; _module_preset=&#8221;default&#8221; background_image=&#8221;https:\/\/wattmatters.be\/wp-content\/uploads\/2025\/05\/shape-4.svg&#8221; background_size=&#8221;contain&#8221; custom_padding=&#8221;||||false|false&#8221; global_colors_info=&#8221;{}&#8221;][et_pb_column type=&#8221;4_4&#8243; _builder_version=&#8221;4.27.4&#8243; _module_preset=&#8221;default&#8221; global_colors_info=&#8221;{}&#8221;][et_pb_text _builder_version=&#8221;4.27.4&#8243; _module_preset=&#8221;bda99f3b-3252-4168-ae82-4cf5cd0f9343&#8243; text_orientation=&#8221;center&#8221; max_width=&#8221;800px&#8221; module_alignment=&#8221;center&#8221; global_colors_info=&#8221;{}&#8221;]<\/p>\n<p>Le\u202fpartage d\u2019\u00e9nergie\u202fest une solution innovante qui permet de <strong>distribuer localement l\u2019\u00e9nergie verte produite localement \u00e0 des prix avantageux<\/strong>. Watt Matters est pionnier dans la mise en place de partages d\u2019\u00e9nergie pour des unit\u00e9s de production photovolta\u00efque et\/ou cog\u00e9n\u00e9ration, que ce soit au travers de communaut\u00e9 d\u2019\u00e9nergies citoyennes ou locales.<\/p>\n<ul><\/ul>\n<p>[\/et_pb_text][\/et_pb_column][\/et_pb_row][\/et_pb_section][et_pb_section fb_built=&#8221;1&#8243; admin_label=&#8221;Copro&#8221; _builder_version=&#8221;4.27.4&#8243; _module_preset=&#8221;ca94eb31-5c2d-49e3-8b20-b392cfde0fc0&#8243; da_disable_devices=&#8221;off|off|off&#8221; locked=&#8221;off&#8221; global_colors_info=&#8221;{}&#8221; da_is_popup=&#8221;off&#8221; da_exit_intent=&#8221;off&#8221; da_has_close=&#8221;on&#8221; da_alt_close=&#8221;off&#8221; da_dark_close=&#8221;off&#8221; da_not_modal=&#8221;on&#8221; da_is_singular=&#8221;off&#8221; da_with_loader=&#8221;off&#8221; da_has_shadow=&#8221;on&#8221;][et_pb_row column_structure=&#8221;1_2,1_2&#8243; make_equal=&#8221;on&#8221; _builder_version=&#8221;4.27.4&#8243; _module_preset=&#8221;default&#8221; custom_padding=&#8221;||||false|false&#8221; global_colors_info=&#8221;{}&#8221;][et_pb_column type=&#8221;1_2&#8243; _builder_version=&#8221;4.27.4&#8243; _module_preset=&#8221;default&#8221; global_colors_info=&#8221;{}&#8221;][et_pb_text _builder_version=&#8221;4.27.4&#8243; _module_preset=&#8221;default&#8221; hover_enabled=&#8221;0&#8243; global_colors_info=&#8221;{}&#8221; sticky_enabled=&#8221;0&#8243;]<\/p>\n<h2><b>Wat is energiedeling?<\/b><\/h2>\n<p>[\/et_pb_text][et_pb_text _builder_version=&#8221;4.27.4&#8243; _module_preset=&#8221;bda99f3b-3252-4168-ae82-4cf5cd0f9343&#8243; hover_enabled=&#8221;0&#8243; global_colors_info=&#8221;{}&#8221; sticky_enabled=&#8221;0&#8243;]<\/p>\n<p><b>Energiedeling<\/b> is een innovatief consumptiemodel waarbij meerdere partijen <b>elektriciteit delen afkomstig van \u00e9\u00e9n productie-installatie<\/b>. Dit systeem stelt burgers in staat om <b>minder afhankelijk te worden van klassieke elektriciteitsnetten<\/b> en om <b>duurzaam energie te verbruiken<\/b>.<\/p>\n<p>Deze aanpak vindt zijn oorsprong in het &#8220;<b>Clean Energy Package<\/b>&#8221; dat in 2019 door de Europese Unie werd aangenomen ter ondersteuning van de energietransitie. In Belgi\u00eb zijn deze richtlijnen opgenomen in de regelgeving van het <b>Brussels Hoofdstedelijk Gewest, Walloni\u00eb en Vlaanderen<\/b>.<\/p>\n<ul><\/ul>\n<p>[\/et_pb_text][\/et_pb_column][et_pb_column type=&#8221;1_2&#8243; disabled_on=&#8221;off|off|off&#8221; _builder_version=&#8221;4.27.4&#8243; _module_preset=&#8221;default&#8221; global_colors_info=&#8221;{}&#8221;][et_pb_image src=&#8221;https:\/\/wattmatters.be\/wp-content\/uploads\/2025\/06\/partage-energie.webp&#8221; title_text=&#8221;partage-energie&#8221; _builder_version=&#8221;4.27.4&#8243; _module_preset=&#8221;default&#8221; animation_style=&#8221;slide&#8221; animation_direction=&#8221;right&#8221; animation_intensity_slide=&#8221;20%&#8221; global_colors_info=&#8221;{}&#8221;][\/et_pb_image][\/et_pb_column][\/et_pb_row][\/et_pb_section][et_pb_section fb_built=&#8221;1&#8243; admin_label=&#8221;A propos&#8221; _builder_version=&#8221;4.27.4&#8243; _module_preset=&#8221;default&#8221; background_color=&#8221;gcid-3e86d2d8-7f34-48eb-bdd1-ca8984d513cb&#8221; custom_padding=&#8221;0px|0vw|0px|0vw|true|true&#8221; da_disable_devices=&#8221;off|off|off&#8221; locked=&#8221;off&#8221; global_colors_info=&#8221;{%22gcid-3e86d2d8-7f34-48eb-bdd1-ca8984d513cb%22:%91%22background_color%22%93}&#8221; da_is_popup=&#8221;off&#8221; da_exit_intent=&#8221;off&#8221; da_has_close=&#8221;on&#8221; da_alt_close=&#8221;off&#8221; da_dark_close=&#8221;off&#8221; da_not_modal=&#8221;on&#8221; da_is_singular=&#8221;off&#8221; da_with_loader=&#8221;off&#8221; da_has_shadow=&#8221;on&#8221;][et_pb_row column_structure=&#8221;1_2,1_2&#8243; _builder_version=&#8221;4.27.4&#8243; _module_preset=&#8221;1f5a7525-2e1e-4251-99d6-35b2d11620d2&#8243; global_colors_info=&#8221;{}&#8221;][et_pb_column type=&#8221;1_2&#8243; _builder_version=&#8221;4.27.4&#8243; _module_preset=&#8221;8cc2423b-c34a-4d80-bc79-5194ec6f5a14&#8243; background_image=&#8221;https:\/\/wattmatters.be\/wp-content\/uploads\/2025\/07\/Wattmatters-Partage_ernegie-Communaute.webp&#8221; global_colors_info=&#8221;{}&#8221;][et_pb_image src=&#8221;https:\/\/wattmatters.be\/wp-content\/uploads\/2025\/06\/wattmatters-dark.svg?logo=light&#8221; title_text=&#8221;wattmatters-light&#8221; _builder_version=&#8221;4.27.4&#8243; _module_preset=&#8221;default&#8221; width=&#8221;250px&#8221; width_tablet=&#8221;250px&#8221; width_phone=&#8221;120px&#8221; width_last_edited=&#8221;on|phone&#8221; max_width=&#8221;250px&#8221; max_width_tablet=&#8221;250px&#8221; max_width_phone=&#8221;120px&#8221; max_width_last_edited=&#8221;on|phone&#8221; module_alignment=&#8221;center&#8221; global_colors_info=&#8221;{}&#8221;][\/et_pb_image][et_pb_divider show_divider=&#8221;off&#8221; _builder_version=&#8221;4.27.4&#8243; _module_preset=&#8221;default&#8221; height=&#8221;250px&#8221; height_tablet=&#8221;200px&#8221; height_phone=&#8221;150px&#8221; height_last_edited=&#8221;on|phone&#8221; global_colors_info=&#8221;{}&#8221;][\/et_pb_divider][\/et_pb_column][et_pb_column type=&#8221;1_2&#8243; _builder_version=&#8221;4.27.4&#8243; _module_preset=&#8221;e1b260e0-ef9f-44e0-afd4-9df5db7eb765&#8243; global_colors_info=&#8221;{}&#8221;][et_pb_text _builder_version=&#8221;4.27.4&#8243; _module_preset=&#8221;default&#8221; custom_margin=&#8221;||35px||false|false&#8221; hover_enabled=&#8221;0&#8243; global_colors_info=&#8221;{}&#8221; sticky_enabled=&#8221;0&#8243;]<\/p>\n<h2><b>Energiegemeenschappen<\/b><\/h2>\n<p>[\/et_pb_text][et_pb_text _builder_version=&#8221;4.27.4&#8243; _module_preset=&#8221;bda99f3b-3252-4168-ae82-4cf5cd0f9343&#8243; custom_margin=&#8221;||35px||false|false&#8221; hover_enabled=&#8221;0&#8243; global_colors_info=&#8221;{}&#8221; sticky_enabled=&#8221;0&#8243;]<\/p>\n<p><b>Energiegemeenschappen<\/b> bestaan in drie vormen, afhankelijk van de energiebron en het eigenaarschap van de installatie. Watt Matters is koploper in de oprichting van <b>Burgerenergieco\u00f6peraties<\/b> waarmee bewoners kunnen profiteren van gedeelde energie uit warmtekrachtkoppeling.<\/p>\n<ul><\/ul>\n<p>[\/et_pb_text][dsm_faq dsm_open_font_icon=&#8221;&#x4b;||divi||400&#8243; dsm_close_font_icon=&#8221;&#x4c;||divi||400&#8243; _builder_version=&#8221;4.27.4&#8243; _module_preset=&#8221;77570cdd-8654-4787-8ab0-7d7fa37876f7&#8243; hover_enabled=&#8221;0&#8243; locked=&#8221;off&#8221; global_colors_info=&#8221;{%22gcid-body-color%22:%91%22border_color_all_dsm_toggle_closed_border%22,%22border_color_all_dsm_toggle_open_border%22,%22border_color_all_dsm_toggle_closed_border%22,%22border_color_all_dsm_toggle_open_border%22,%22border_color_all_dsm_toggle_open_border%22,%22border_color_all_dsm_toggle_open_border%22,%22border_color_all_dsm_toggle_open_border%22%93,%22gcid-heading-color%22:%91%22dsm_open_bg_color%22,%22dsm_open_bg_color%22,%22dsm_open_bg_color%22,%22dsm_open_bg_color%22,%22dsm_open_bg_color%22%93,%22gcid-secondary-color%22:%91%22dsm_close_bg_color%22,%22border_color_all_dsm_toggle_closed_border%22%93}&#8221; sticky_enabled=&#8221;0&#8243;][dsm_faq_child dsm_title=&#8221;Hernieuwbare energiegemeenschap (HEG)&#8221; dsm_content=&#8221;<\/p>\n<p><span style=%22font-weight: 400;%22>De elektriciteit komt uitsluitend van <\/span><b>hernieuwbare bronnen<\/b><span style=%22font-weight: 400;%22> en de hele gemeenschap is <\/span><b>mede-eigenaar van de productie-installatie<\/b><span style=%22font-weight: 400;%22>.<\/span><\/p>\n<p>&#8221; _builder_version=&#8221;4.27.4&#8243; _module_preset=&#8221;default&#8221; hover_enabled=&#8221;0&#8243; global_colors_info=&#8221;{}&#8221; parentOrderClass=&#8221;dsm_faq_0&#8243; sticky_enabled=&#8221;0&#8243;][\/dsm_faq_child][dsm_faq_child dsm_title=&#8221;Lokale energiegemeenschap (LEG)&#8221; dsm_content=&#8221;<\/p>\n<p><span style=%22font-weight: 400;%22>De producenten <\/span><b>delen hun elektriciteit met andere leden van de gemeenschap<\/b><span style=%22font-weight: 400;%22> en kunnen ook <\/span><b>gebruikmaken van de stroom van andere deelnemers<\/b><span style=%22font-weight: 400;%22>. De elektriciteit moet van <\/span><b>hernieuwbare oorsprong<\/b><span style=%22font-weight: 400;%22> zijn en de producent kan zowel een deelnemer als een externe investeerder zijn.<\/span><\/p>\n<p>&#8221; _builder_version=&#8221;4.27.4&#8243; _module_preset=&#8221;default&#8221; hover_enabled=&#8221;0&#8243; global_colors_info=&#8221;{}&#8221; parentOrderClass=&#8221;dsm_faq_0&#8243; sticky_enabled=&#8221;0&#8243;][\/dsm_faq_child][dsm_faq_child dsm_title=&#8221;Burgerenergieco\u00f6peratie (BEC)&#8221; dsm_content=&#8221;<\/p>\n<p><span style=%22font-weight: 400;%22>De energie kan zowel <\/span><b>hernieuwbaar als niet-hernieuwbaar<\/b><span style=%22font-weight: 400;%22> zijn, zoals bijvoorbeeld gasgestookte warmtekrachtkoppeling. De deelnemers zijn altijd <\/span><b>mede-eigenaar van de productie-installatie<\/b><span style=%22font-weight: 400;%22>.<\/span><\/p>\n<p>&#8221; _builder_version=&#8221;4.27.4&#8243; _module_preset=&#8221;default&#8221; hover_enabled=&#8221;0&#8243; global_colors_info=&#8221;{}&#8221; parentOrderClass=&#8221;dsm_faq_0&#8243; sticky_enabled=&#8221;0&#8243;][\/dsm_faq_child][\/dsm_faq][\/et_pb_column][\/et_pb_row][\/et_pb_section][et_pb_section fb_built=&#8221;1&#8243; _builder_version=&#8221;4.27.4&#8243; _module_preset=&#8221;default&#8221; da_disable_devices=&#8221;off|off|off&#8221; locked=&#8221;off&#8221; global_colors_info=&#8221;{}&#8221; da_is_popup=&#8221;off&#8221; da_exit_intent=&#8221;off&#8221; da_has_close=&#8221;on&#8221; da_alt_close=&#8221;off&#8221; da_dark_close=&#8221;off&#8221; da_not_modal=&#8221;on&#8221; da_is_singular=&#8221;off&#8221; da_with_loader=&#8221;off&#8221; da_has_shadow=&#8221;on&#8221;][et_pb_row _builder_version=&#8221;4.27.4&#8243; _module_preset=&#8221;default&#8221; global_colors_info=&#8221;{}&#8221;][et_pb_column type=&#8221;4_4&#8243; _builder_version=&#8221;4.27.4&#8243; _module_preset=&#8221;default&#8221; global_colors_info=&#8221;{}&#8221;][et_pb_text _builder_version=&#8221;4.27.4&#8243; _module_preset=&#8221;default&#8221; text_orientation=&#8221;center&#8221; max_width=&#8221;1200px&#8221; module_alignment=&#8221;center&#8221; custom_margin=&#8221;||35px||false|false&#8221; hover_enabled=&#8221;0&#8243; global_colors_info=&#8221;{}&#8221; sticky_enabled=&#8221;0&#8243;]<\/p>\n<h2><b>Wilt u een energiedelingsproject opzetten in uw mede-eigendom?<\/b><\/h2>\n<p>Laten we samenwerken! Wij begeleiden u van haalbaarheidsstudie tot uitbating, voor een <b>lokale, duurzame en voordelige oplossing<\/b>.<\/p>\n<p>[\/et_pb_text][et_pb_button button_url=&#8221;@ET-DC@eyJkeW5hbWljIjp0cnVlLCJjb250ZW50IjoicG9zdF9saW5rX3VybF9wYWdlIiwic2V0dGluZ3MiOnsicG9zdF9pZCI6IjgwIn19@&#8221; button_text=&#8221; Neem contact met ons op&#8221; button_alignment=&#8221;center&#8221; _builder_version=&#8221;4.27.4&#8243; _dynamic_attributes=&#8221;button_url&#8221; _module_preset=&#8221;b50e34d2-0b8d-4c79-bf16-96cda59bf9d7&#8243; hover_enabled=&#8221;0&#8243; global_colors_info=&#8221;{%22gcid-secondary-color%22:%91%22button_bg_color__hover%22,%22button_bg_color__hover%22,%22button_bg_color__hover%22,%22button_bg_color__hover%22%93,%22gcid-heading-color%22:%91%22button_bg_color%22%93}&#8221; sticky_enabled=&#8221;0&#8243;][\/et_pb_button][\/et_pb_column][\/et_pb_row][\/et_pb_section]<\/p>\n","protected":false},"excerpt":{"rendered":"<p>Energiedeling: haal meer uit lokale energieproductieWatt Matters is een pionier op het gebied van energiedeling. \u00a0Wij realiseren energiedelingsprojecten die het mogelijk maken om lokaal opgewekte elektriciteit (via zonnepanelen of warmtekrachtkoppeling) voordelig te verdelen onder verschillende gebruikers binnen \u00e9\u00e9n gebouw of binnen een ruimer gebied.Le\u202fpartage d\u2019\u00e9nergie\u202fest une solution innovante qui permet de distribuer localement l\u2019\u00e9nergie verte produite localement \u00e0 des prix avantageux. Watt Matters est pionnier dans la mise en place de partages d\u2019\u00e9nergie pour des unit\u00e9s de production photovolta\u00efque et\/ou cog\u00e9n\u00e9ration, que ce soit au travers de communaut\u00e9 d\u2019\u00e9nergies citoyennes ou locales. Wat is energiedeling?Energiedeling is een innovatief consumptiemodel waarbij meerdere partijen elektriciteit delen afkomstig van \u00e9\u00e9n productie-installatie. Dit systeem stelt burgers in staat om minder afhankelijk te worden van klassieke elektriciteitsnetten en om duurzaam energie te verbruiken. Deze aanpak vindt zijn oorsprong in het &#8220;Clean Energy Package&#8221; dat in 2019 door de Europese Unie werd aangenomen ter ondersteuning van de energietransitie. In Belgi\u00eb zijn deze richtlijnen opgenomen in de regelgeving van het Brussels Hoofdstedelijk Gewest, Walloni\u00eb en Vlaanderen. EnergiegemeenschappenEnergiegemeenschappen bestaan in drie vormen, afhankelijk van de energiebron en het eigenaarschap van de installatie. Watt Matters is koploper in de oprichting van Burgerenergieco\u00f6peraties waarmee bewoners kunnen profiteren van gedeelde energie [&hellip;]<\/p>\n","protected":false},"author":1,"featured_media":0,"parent":2881,"menu_order":50,"comment_status":"closed","ping_status":"closed","template":"","meta":{"_et_pb_use_builder":"on","_et_pb_old_content":"","_et_gb_content_width":"","footnotes":""},"class_list":["post-2918","page","type-page","status-publish","hentry"],"yoast_head":"<!-- This site is optimized with the Yoast SEO plugin v26.3 - https:\/\/yoast.com\/wordpress\/plugins\/seo\/ -->\n<title>Energie delen in mede-eigendom opzetten<\/title>\n<meta name=\"description\" content=\"Watt Matters organiseert energiedeling in uw mede-eigendom en verdeelt lokaal opgewekte stroom aan een voordelig tarief.\" \/>\n<meta name=\"robots\" content=\"index, follow, max-snippet:-1, max-image-preview:large, max-video-preview:-1\" \/>\n<link rel=\"canonical\" href=\"https:\/\/wattmatters.be\/nl\/mede-eigenaars-en-syndicus\/energiedeling\/\" \/>\n<meta property=\"og:locale\" content=\"nl_NL\" \/>\n<meta property=\"og:type\" content=\"article\" \/>\n<meta property=\"og:title\" content=\"Energie delen in mede-eigendom opzetten\" \/>\n<meta property=\"og:description\" content=\"Watt Matters organiseert energiedeling in uw mede-eigendom en verdeelt lokaal opgewekte stroom aan een voordelig tarief.\" \/>\n<meta property=\"og:url\" content=\"https:\/\/wattmatters.be\/nl\/mede-eigenaars-en-syndicus\/energiedeling\/\" \/>\n<meta property=\"og:site_name\" content=\"Watt Matters\" \/>\n<meta property=\"article:modified_time\" content=\"2025-08-11T09:00:26+00:00\" \/>\n<meta name=\"twitter:card\" content=\"summary_large_image\" \/>\n<meta name=\"twitter:label1\" content=\"Geschatte leestijd\" \/>\n\t<meta name=\"twitter:data1\" content=\"3 minuten\" \/>\n<script type=\"application\/ld+json\" class=\"yoast-schema-graph\">{\"@context\":\"https:\/\/schema.org\",\"@graph\":[{\"@type\":\"WebPage\",\"@id\":\"https:\/\/wattmatters.be\/nl\/mede-eigenaars-en-syndicus\/energiedeling\/\",\"url\":\"https:\/\/wattmatters.be\/nl\/mede-eigenaars-en-syndicus\/energiedeling\/\",\"name\":\"Energie delen in mede-eigendom opzetten\",\"isPartOf\":{\"@id\":\"https:\/\/wattmatters.be\/nl\/#website\"},\"datePublished\":\"2025-05-20T07:30:28+00:00\",\"dateModified\":\"2025-08-11T09:00:26+00:00\",\"description\":\"Watt Matters organiseert energiedeling in uw mede-eigendom en verdeelt lokaal opgewekte stroom aan een voordelig tarief.\",\"breadcrumb\":{\"@id\":\"https:\/\/wattmatters.be\/nl\/mede-eigenaars-en-syndicus\/energiedeling\/#breadcrumb\"},\"inLanguage\":\"nl-NL\",\"potentialAction\":[{\"@type\":\"ReadAction\",\"target\":[\"https:\/\/wattmatters.be\/nl\/mede-eigenaars-en-syndicus\/energiedeling\/\"]}]},{\"@type\":\"BreadcrumbList\",\"@id\":\"https:\/\/wattmatters.be\/nl\/mede-eigenaars-en-syndicus\/energiedeling\/#breadcrumb\",\"itemListElement\":[{\"@type\":\"ListItem\",\"position\":1,\"name\":\"Accueil\",\"item\":\"https:\/\/wattmatters.be\/nl\/\"},{\"@type\":\"ListItem\",\"position\":2,\"name\":\"Mede-eigenaars en syndicus\",\"item\":\"https:\/\/wattmatters.be\/nl\/coproprietaires-et-syndic\/\"},{\"@type\":\"ListItem\",\"position\":3,\"name\":\"Energiedeling\"}]},{\"@type\":\"WebSite\",\"@id\":\"https:\/\/wattmatters.be\/nl\/#website\",\"url\":\"https:\/\/wattmatters.be\/nl\/\",\"name\":\"Watt Matters\",\"description\":\"\",\"potentialAction\":[{\"@type\":\"SearchAction\",\"target\":{\"@type\":\"EntryPoint\",\"urlTemplate\":\"https:\/\/wattmatters.be\/nl\/?s={search_term_string}\"},\"query-input\":{\"@type\":\"PropertyValueSpecification\",\"valueRequired\":true,\"valueName\":\"search_term_string\"}}],\"inLanguage\":\"nl-NL\"}]}<\/script>\n<!-- \/ Yoast SEO plugin. -->","yoast_head_json":{"title":"Energie delen in mede-eigendom opzetten","description":"Watt Matters organiseert energiedeling in uw mede-eigendom en verdeelt lokaal opgewekte stroom aan een voordelig tarief.","robots":{"index":"index","follow":"follow","max-snippet":"max-snippet:-1","max-image-preview":"max-image-preview:large","max-video-preview":"max-video-preview:-1"},"canonical":"https:\/\/wattmatters.be\/nl\/mede-eigenaars-en-syndicus\/energiedeling\/","og_locale":"nl_NL","og_type":"article","og_title":"Energie delen in mede-eigendom opzetten","og_description":"Watt Matters organiseert energiedeling in uw mede-eigendom en verdeelt lokaal opgewekte stroom aan een voordelig tarief.","og_url":"https:\/\/wattmatters.be\/nl\/mede-eigenaars-en-syndicus\/energiedeling\/","og_site_name":"Watt Matters","article_modified_time":"2025-08-11T09:00:26+00:00","twitter_card":"summary_large_image","twitter_misc":{"Geschatte leestijd":"3 minuten"},"schema":{"@context":"https:\/\/schema.org","@graph":[{"@type":"WebPage","@id":"https:\/\/wattmatters.be\/nl\/mede-eigenaars-en-syndicus\/energiedeling\/","url":"https:\/\/wattmatters.be\/nl\/mede-eigenaars-en-syndicus\/energiedeling\/","name":"Energie delen in mede-eigendom opzetten","isPartOf":{"@id":"https:\/\/wattmatters.be\/nl\/#website"},"datePublished":"2025-05-20T07:30:28+00:00","dateModified":"2025-08-11T09:00:26+00:00","description":"Watt Matters organiseert energiedeling in uw mede-eigendom en verdeelt lokaal opgewekte stroom aan een voordelig tarief.","breadcrumb":{"@id":"https:\/\/wattmatters.be\/nl\/mede-eigenaars-en-syndicus\/energiedeling\/#breadcrumb"},"inLanguage":"nl-NL","potentialAction":[{"@type":"ReadAction","target":["https:\/\/wattmatters.be\/nl\/mede-eigenaars-en-syndicus\/energiedeling\/"]}]},{"@type":"BreadcrumbList","@id":"https:\/\/wattmatters.be\/nl\/mede-eigenaars-en-syndicus\/energiedeling\/#breadcrumb","itemListElement":[{"@type":"ListItem","position":1,"name":"Accueil","item":"https:\/\/wattmatters.be\/nl\/"},{"@type":"ListItem","position":2,"name":"Mede-eigenaars en syndicus","item":"https:\/\/wattmatters.be\/nl\/coproprietaires-et-syndic\/"},{"@type":"ListItem","position":3,"name":"Energiedeling"}]},{"@type":"WebSite","@id":"https:\/\/wattmatters.be\/nl\/#website","url":"https:\/\/wattmatters.be\/nl\/","name":"Watt Matters","description":"","potentialAction":[{"@type":"SearchAction","target":{"@type":"EntryPoint","urlTemplate":"https:\/\/wattmatters.be\/nl\/?s={search_term_string}"},"query-input":{"@type":"PropertyValueSpecification","valueRequired":true,"valueName":"search_term_string"}}],"inLanguage":"nl-NL"}]}},"_links":{"self":[{"href":"https:\/\/wattmatters.be\/nl\/wp-json\/wp\/v2\/pages\/2918","targetHints":{"allow":["GET"]}}],"collection":[{"href":"https:\/\/wattmatters.be\/nl\/wp-json\/wp\/v2\/pages"}],"about":[{"href":"https:\/\/wattmatters.be\/nl\/wp-json\/wp\/v2\/types\/page"}],"author":[{"embeddable":true,"href":"https:\/\/wattmatters.be\/nl\/wp-json\/wp\/v2\/users\/1"}],"replies":[{"embeddable":true,"href":"https:\/\/wattmatters.be\/nl\/wp-json\/wp\/v2\/comments?post=2918"}],"version-history":[{"count":3,"href":"https:\/\/wattmatters.be\/nl\/wp-json\/wp\/v2\/pages\/2918\/revisions"}],"predecessor-version":[{"id":2921,"href":"https:\/\/wattmatters.be\/nl\/wp-json\/wp\/v2\/pages\/2918\/revisions\/2921"}],"up":[{"embeddable":true,"href":"https:\/\/wattmatters.be\/nl\/wp-json\/wp\/v2\/pages\/2881"}],"wp:attachment":[{"href":"https:\/\/wattmatters.be\/nl\/wp-json\/wp\/v2\/media?parent=2918"}],"curies":[{"name":"wp","href":"https:\/\/api.w.org\/{rel}","templated":true}]}}